{"id":197,"date":"2022-05-23T16:38:02","date_gmt":"2022-05-23T16:38:02","guid":{"rendered":"https:\/\/crea.com.co\/crea\/?page_id=197"},"modified":"2024-05-23T23:44:49","modified_gmt":"2024-05-23T23:44:49","slug":"informe-bic","status":"publish","type":"page","link":"https:\/\/crea.com.co\/crea\/informe-bic\/","title":{"rendered":"Informe BIC"},"content":{"rendered":"\n<h2 class=\"wp-block-heading\">Informe de gesti\u00f3n BIC <\/h2>\n\n\n\n<p class=\"has-medium-font-size\">En CREA, no solo nos dedicamos a nuestras actividades comerciales y de consultor\u00eda, sino que tambi\u00e9n nos comprometemos con el bienestar de nuestros trabajadores, la equidad social de nuestro pa\u00eds y la protecci\u00f3n del medio ambiente. Somos m\u00e1s que una empresa, somos agentes de cambio. \u00danete a nosotros y s\u00e9 parte de una comunidad comprometida con un mundo mejor.<\/p>\n\n\n\n<h1 class=\"has-medium-font-size wp-block-heading\">Este reporte detalla el desarrollo de las actividades expresamente incluidas en el objeto social permitiendo realizar seguimiento a la implementaci\u00f3n de las actividades y su impacto.<\/h1>\n\n\n\n<p><\/p>\n\n\n\n<p><strong>Reporte 2024<\/strong><\/p>\n\n\n\n<div class=\"wp-block-file\"><a id=\"wp-block-file--media-e6b17f48-91df-4ae5-a27f-32b28aaed94a\" href=\"https:\/\/crea.com.co\/crea\/wp-content\/uploads\/2024\/05\/Reporte-de-gestion-BIC-CREA-BS-SAS-BIC-2024.pdf\">Reporte-de-gestion-BIC-CREA-BS-SAS-BIC-2024<\/a><a href=\"https:\/\/crea.com.co\/crea\/wp-content\/uploads\/2024\/05\/Reporte-de-gestion-BIC-CREA-BS-SAS-BIC-2024.pdf\" class=\"wp-block-file__button\" download aria-describedby=\"wp-block-file--media-e6b17f48-91df-4ae5-a27f-32b28aaed94a\">Descarga<\/a><\/div>\n\n\n\n<p><strong>Reporte 2023<\/strong><\/p>\n\n\n\n<div class=\"wp-block-file\"><a id=\"wp-block-file--media-b204b92c-b900-4285-82d6-774f5b80a8f3\" href=\"https:\/\/crea.com.co\/crea\/wp-content\/uploads\/2023\/06\/Reporte-de-gestion-BIC-CREA-BS-SAS-BIC-2023.pdf\" target=\"_blank\" rel=\"noreferrer noopener\">Reporte de gesti\u00f3n BIC &#8211; CREA B&amp;S SAS BIC 2023<\/a><a href=\"https:\/\/crea.com.co\/crea\/wp-content\/uploads\/2023\/06\/Reporte-de-gestion-BIC-CREA-BS-SAS-BIC-2023.pdf\" class=\"wp-block-file__button\" download aria-describedby=\"wp-block-file--media-b204b92c-b900-4285-82d6-774f5b80a8f3\">Descarga<\/a><\/div>\n\n\n\n<p><strong>Reporte 2022<\/strong><\/p>\n\n\n\n<div class=\"wp-block-file\"><a id=\"wp-block-file--media-e9107a16-38a1-4048-b50f-ac72d850ac8b\" href=\"https:\/\/crea.com.co\/crea\/wp-content\/uploads\/2022\/05\/Reporte-de-gestion-BIC-CREA-BS-SAS-BIC-1.pdf\">Reporte-de-gestion-BIC-CREA-BS-SAS-BIC-1<\/a><a href=\"https:\/\/crea.com.co\/crea\/wp-content\/uploads\/2022\/05\/Reporte-de-gestion-BIC-CREA-BS-SAS-BIC-1.pdf\" class=\"wp-block-file__button\" download aria-describedby=\"wp-block-file--media-e9107a16-38a1-4048-b50f-ac72d850ac8b\">Descarga<\/a><\/div>\n\n\n<div class=\"wp-block-image\">\n<figure class=\"alignleft size-large is-resized\"><img decoding=\"async\" src=\"https:\/\/crea.com.co\/crea\/wp-content\/uploads\/2022\/05\/logo-con-eslogan-azul.png\" alt=\"\" class=\"wp-image-224\" width=\"106\" height=\"80\" srcset=\"https:\/\/crea.com.co\/crea\/wp-content\/uploads\/2022\/05\/logo-con-eslogan-azul.png 1024w, https:\/\/crea.com.co\/crea\/wp-content\/uploads\/2022\/05\/logo-con-eslogan-azul-300x225.png 300w, https:\/\/crea.com.co\/crea\/wp-content\/uploads\/2022\/05\/logo-con-eslogan-azul-768x576.png 768w\" sizes=\"(max-width: 106px) 100vw, 106px\" \/><\/figure>\n<\/div>","protected":false},"excerpt":{"rendered":"<p>Informe de gesti\u00f3n BIC En CREA, no solo nos dedicamos a nuestras actividades comerciales y de consultor\u00eda, sino que tambi\u00e9n nos comprometemos con el bienestar de nuestros trabajadores, la equidad social de nuestro pa\u00eds y la protecci\u00f3n del medio ambiente.&hellip;<\/p>\n","protected":false},"author":1,"featured_media":0,"parent":0,"menu_order":0,"comment_status":"closed","ping_status":"closed","template":"","meta":{"footnotes":""},"class_list":["post-197","page","type-page","status-publish","hentry"],"_links":{"self":[{"href":"https:\/\/crea.com.co\/crea\/wp-json\/wp\/v2\/pages\/197","targetHints":{"allow":["GET"]}}],"collection":[{"href":"https:\/\/crea.com.co\/crea\/wp-json\/wp\/v2\/pages"}],"about":[{"href":"https:\/\/crea.com.co\/crea\/wp-json\/wp\/v2\/types\/page"}],"author":[{"embeddable":true,"href":"https:\/\/crea.com.co\/crea\/wp-json\/wp\/v2\/users\/1"}],"replies":[{"embeddable":true,"href":"https:\/\/crea.com.co\/crea\/wp-json\/wp\/v2\/comments?post=197"}],"version-history":[{"count":16,"href":"https:\/\/crea.com.co\/crea\/wp-json\/wp\/v2\/pages\/197\/revisions"}],"predecessor-version":[{"id":398,"href":"https:\/\/crea.com.co\/crea\/wp-json\/wp\/v2\/pages\/197\/revisions\/398"}],"wp:attachment":[{"href":"https:\/\/crea.com.co\/crea\/wp-json\/wp\/v2\/media?parent=197"}],"curies":[{"name":"wp","href":"https:\/\/api.w.org\/{rel}","templated":true}]}}