{"id":19,"date":"2020-11-16T23:03:56","date_gmt":"2020-11-16T23:03:56","guid":{"rendered":"https:\/\/crea.com.co\/crea\/?page_id=19"},"modified":"2026-04-27T14:08:12","modified_gmt":"2026-04-27T14:08:12","slug":"acerca-de","status":"publish","type":"page","link":"https:\/\/crea.com.co\/crea\/acerca-de\/","title":{"rendered":"Acerca de nosotros"},"content":{"rendered":"\n<p><strong>CREA Finanzas Inteligentes <\/strong>es una empresa de consultor\u00eda y asesor\u00eda que ha servido a las familias colombianas por m\u00e1s de 13 a\u00f1os con\u00a0objetividad, imparcialidad y transparencia.<\/p>\n\n\n\n<p>Nuestro objetivo es asesorarlo en la administraci\u00f3n de patrimonio y fortalecimiento de su plan financiero y pensional.<\/p>\n\n\n\n<p>Realizamos diagn\u00f3stico, estructuraci\u00f3n e implementaci\u00f3n de soluciones pensionales a la medida. Contamos con el \u00fanico software especializado en pensiones del mercado y la asesor\u00eda de nuestros consultores expertos.&nbsp;<\/p>\n\n\n\n<p><strong>Ya son m\u00e1s de 10.000 casos de \u00e9xito aportando al bienestar y seguridad de empleados y sus familias.<\/strong> <\/p>\n\n\n\n<p>Hemos trabajado con las algunas de las principales Compa\u00f1\u00edas del pa\u00eds.<\/p>\n\n\n\n<p><\/p>\n\n\n\n<p><\/p>\n\n\n\n<div class=\"wp-block-buttons is-layout-flex wp-block-buttons-is-layout-flex\">\n<div class=\"wp-block-button\"><a class=\"wp-block-button__link wp-element-button\" href=\"https:\/\/crea.com.co\/crea\/contacto\/\" rel=\"https:\/\/crea.com.co\/crea\/contacto\/\">Cont\u00e1ctanos<\/a><\/div>\n<\/div>\n\n\n\n<p><\/p>\n\n\n\n<p class=\"has-text-align-center has-vivid-cyan-blue-color has-text-color has-medium-font-size\"><strong>Servicios especializados de acuerdo a sus necesidades <\/strong><\/p>\n\n\n\n<figure class=\"wp-block-image size-large\"><img fetchpriority=\"high\" decoding=\"async\" width=\"1024\" height=\"409\" src=\"https:\/\/crea.com.co\/crea\/wp-content\/uploads\/2024\/04\/naassom-azevedo-Q_Sei-TqSlc-unsplash111-1024x409.jpg\" alt=\"\" class=\"wp-image-317\" srcset=\"https:\/\/crea.com.co\/crea\/wp-content\/uploads\/2024\/04\/naassom-azevedo-Q_Sei-TqSlc-unsplash111-1024x409.jpg 1024w, https:\/\/crea.com.co\/crea\/wp-content\/uploads\/2024\/04\/naassom-azevedo-Q_Sei-TqSlc-unsplash111-300x120.jpg 300w, https:\/\/crea.com.co\/crea\/wp-content\/uploads\/2024\/04\/naassom-azevedo-Q_Sei-TqSlc-unsplash111-768x307.jpg 768w, https:\/\/crea.com.co\/crea\/wp-content\/uploads\/2024\/04\/naassom-azevedo-Q_Sei-TqSlc-unsplash111-1536x614.jpg 1536w, https:\/\/crea.com.co\/crea\/wp-content\/uploads\/2024\/04\/naassom-azevedo-Q_Sei-TqSlc-unsplash111-2048x819.jpg 2048w\" sizes=\"(max-width: 1024px) 100vw, 1024px\" \/><\/figure>\n\n\n\n<h3 class=\"wp-block-heading\">Personas Naturales (Empleados e independientes)<\/h3>\n\n\n\n<p><\/p>\n\n\n\n<ul class=\"wp-block-list\">\n<li>Proyecci\u00f3n Pensional: &nbsp;Revisamos la historia laboral, identificamos brechas y mostramos las decisiones que se pueden tomar hoy para mejorar la mesada pensional.<\/li>\n\n\n\n<li>Liquidaci\u00f3n y pagos de aportes para periodos anteriores<\/li>\n\n\n\n<li>Afiliaciones&nbsp;a seguridad social&nbsp;<\/li>\n\n\n\n<li>Orientaci\u00f3n y acompa\u00f1amiento legal<\/li>\n\n\n\n<li>Consulta personalizada<\/li>\n<\/ul>\n\n\n\n<p><strong>Colombianos en el Exterior<\/strong> (Nuevos servicios)<\/p>\n\n\n\n<ul class=\"wp-block-list\">\n<li>Consulta de casos espec\u00edficos <\/li>\n\n\n\n<li>Proyecciones pensionales<\/li>\n\n\n\n<li>Afiliaciones&nbsp; a seguridad social&nbsp;<\/li>\n\n\n\n<li>Pagos aportes a seguridad social<\/li>\n\n\n\n<li>Orientaci\u00f3n y acompa\u00f1amiento legal<\/li>\n<\/ul>\n\n\n\n<h3 class=\"wp-block-heading\">Personas Jur\u00eddicas<\/h3>\n\n\n\n<ul class=\"wp-block-list\">\n<li><strong>Acompa\u00f1amiento en la constituci\u00f3n de Planes Institucionales \/ Corporativos<\/strong>\n<ul class=\"wp-block-list\">\n<li>Beneficios tributarios para la empresa.<\/li>\n\n\n\n<li>Incentivos financieros y patrimoniales para los empleados.<\/li>\n\n\n\n<li>Mayor retenci\u00f3n y compromiso del talento.<\/li>\n<\/ul>\n<\/li>\n\n\n\n<li><strong>Programa de Pre-pensionados (Decreto 681 de 2022)<\/strong>\n<ul class=\"wp-block-list\">\n<li>Acompa\u00f1amiento integral en transici\u00f3n al retiro.<\/li>\n\n\n\n<li>Reducci\u00f3n de riesgos psicosociales.<\/li>\n\n\n\n<li>Cumplimiento normativo y fortalecimiento del v\u00ednculo empresa-familia.<\/li>\n<\/ul>\n<\/li>\n\n\n\n<li><strong>Asesor\u00eda pensional, tributaria y financiera para empleados<\/strong>\n<ul class=\"wp-block-list\">\n<li>Acompa\u00f1amiento integral en transici\u00f3n al retiro.<\/li>\n\n\n\n<li>Reducci\u00f3n de riesgos psicosociales.<\/li>\n\n\n\n<li>Cumplimiento normativo y fortalecimiento del v\u00ednculo empresa-familia.<\/li>\n<\/ul>\n<\/li>\n<\/ul>\n\n\n\n<p><\/p>\n\n\n\n<div class=\"wp-block-buttons is-layout-flex wp-block-buttons-is-layout-flex\">\n<div class=\"wp-block-button\"><a class=\"wp-block-button__link wp-element-button\" href=\"https:\/\/crea.com.co\/crea\/contacto\/\" rel=\"https:\/\/crea.com.co\/crea\/contacto\/\">Cont\u00e1ctanos<\/a><\/div>\n<\/div>\n\n\n\n<p><\/p>\n","protected":false},"excerpt":{"rendered":"<p>CREA Finanzas Inteligentes es una empresa de consultor\u00eda y asesor\u00eda que ha servido a las familias colombianas por m\u00e1s de 13 a\u00f1os con\u00a0objetividad, imparcialidad y transparencia. Nuestro objetivo es asesorarlo en la administraci\u00f3n de patrimonio y fortalecimiento de su plan&hellip;<\/p>\n","protected":false},"author":1,"featured_media":0,"parent":0,"menu_order":0,"comment_status":"closed","ping_status":"closed","template":"","meta":{"footnotes":""},"class_list":["post-19","page","type-page","status-publish","hentry"],"_links":{"self":[{"href":"https:\/\/crea.com.co\/crea\/wp-json\/wp\/v2\/pages\/19","targetHints":{"allow":["GET"]}}],"collection":[{"href":"https:\/\/crea.com.co\/crea\/wp-json\/wp\/v2\/pages"}],"about":[{"href":"https:\/\/crea.com.co\/crea\/wp-json\/wp\/v2\/types\/page"}],"author":[{"embeddable":true,"href":"https:\/\/crea.com.co\/crea\/wp-json\/wp\/v2\/users\/1"}],"replies":[{"embeddable":true,"href":"https:\/\/crea.com.co\/crea\/wp-json\/wp\/v2\/comments?post=19"}],"version-history":[{"count":30,"href":"https:\/\/crea.com.co\/crea\/wp-json\/wp\/v2\/pages\/19\/revisions"}],"predecessor-version":[{"id":523,"href":"https:\/\/crea.com.co\/crea\/wp-json\/wp\/v2\/pages\/19\/revisions\/523"}],"wp:attachment":[{"href":"https:\/\/crea.com.co\/crea\/wp-json\/wp\/v2\/media?parent=19"}],"curies":[{"name":"wp","href":"https:\/\/api.w.org\/{rel}","templated":true}]}}