{"id":18,"date":"2020-11-16T23:03:56","date_gmt":"2020-11-16T23:03:56","guid":{"rendered":"https:\/\/crea.com.co\/crea\/?page_id=18"},"modified":"2024-05-29T21:46:56","modified_gmt":"2024-05-29T21:46:56","slug":"inicio","status":"publish","type":"page","link":"https:\/\/crea.com.co\/crea\/","title":{"rendered":"Inicio"},"content":{"rendered":"\n<p><\/p>\n\n\n\n<p><strong>CREA brinda consultor\u00eda experta y asesoramiento pensional financiero tanto a personas naturales como empresas.<\/strong><\/p>\n\n\n\n<p>Con m\u00e1s de 12 a\u00f1os de experiencia de nuestros consultores, nos aseguraremos de entregar la asesor\u00eda y orientaci\u00f3n de acuerdo a su caso particular, con consultores expertos en cada tema.<\/p>\n\n\n\n<p>Conoce nuestros servicios para personas naturales y jur\u00eddicas <a href=\"https:\/\/crea.com.co\/crea\/portafolio-de-servicios\/\" data-type=\"URL\" data-id=\"https:\/\/crea.com.co\/crea\/portafolio-de-servicios\/\">aqu\u00ed<\/a>.<\/p>\n\n\n\n<p><\/p>\n\n\n<p><strong>NUESTRA MISI\u00d3N<\/strong><\/p>\n<p><!-- \/wp:post-content --><!-- wp:paragraph --><\/p>\n<p>Ser una de las compa\u00f1\u00edas l\u00edderes en el asesoramiento y consultor\u00eda de planeaci\u00f3n financiera y pensional que ayude a las familias colombianas y contribuya al desarrollo econ\u00f3mico de estas.<\/p>\n<p><!-- \/wp:paragraph --><\/p>\n<p><!-- wp:paragraph --><\/p>\n<p><!-- \/wp:paragraph --><\/p>\n<p><!-- wp:buttons --><\/p>\n<div class=\"wp-block-buttons\"><!-- wp:button --><p><\/p>\n<div class=\"wp-block-button\"><a class=\"wp-block-button__link\" href=\"https:\/\/crea.com.co\/crea\/contacto\/\" rel=\"https:\/\/crea.com.co\/crea\/contacto\/\">Cont\u00e1ctanos<\/a><\/div>\n<p><!-- \/wp:button --><\/p>\n<\/div>\n<p><!-- \/wp:buttons --><\/p>","protected":false},"excerpt":{"rendered":"<p>CREA brinda consultor\u00eda experta y asesoramiento pensional financiero tanto a personas naturales como empresas. Con m\u00e1s de 12 a\u00f1os de experiencia de nuestros consultores, nos aseguraremos de entregar la asesor\u00eda y orientaci\u00f3n de acuerdo a su caso particular, con consultores&hellip;<\/p>\n","protected":false},"author":1,"featured_media":0,"parent":0,"menu_order":0,"comment_status":"closed","ping_status":"closed","template":"","meta":{"footnotes":""},"class_list":["post-18","page","type-page","status-publish","hentry"],"_links":{"self":[{"href":"https:\/\/crea.com.co\/crea\/wp-json\/wp\/v2\/pages\/18","targetHints":{"allow":["GET"]}}],"collection":[{"href":"https:\/\/crea.com.co\/crea\/wp-json\/wp\/v2\/pages"}],"about":[{"href":"https:\/\/crea.com.co\/crea\/wp-json\/wp\/v2\/types\/page"}],"author":[{"embeddable":true,"href":"https:\/\/crea.com.co\/crea\/wp-json\/wp\/v2\/users\/1"}],"replies":[{"embeddable":true,"href":"https:\/\/crea.com.co\/crea\/wp-json\/wp\/v2\/comments?post=18"}],"version-history":[{"count":20,"href":"https:\/\/crea.com.co\/crea\/wp-json\/wp\/v2\/pages\/18\/revisions"}],"predecessor-version":[{"id":402,"href":"https:\/\/crea.com.co\/crea\/wp-json\/wp\/v2\/pages\/18\/revisions\/402"}],"wp:attachment":[{"href":"https:\/\/crea.com.co\/crea\/wp-json\/wp\/v2\/media?parent=18"}],"curies":[{"name":"wp","href":"https:\/\/api.w.org\/{rel}","templated":true}]}}